{"id":26406,"date":"2017-10-26T16:44:39","date_gmt":"2017-10-26T14:44:39","guid":{"rendered":"https:\/\/nawaro-innovations.com\/mentions-legales\/"},"modified":"2017-10-26T16:45:15","modified_gmt":"2017-10-26T14:45:15","slug":"mentions-legales","status":"publish","type":"page","link":"https:\/\/nawaro-innovations.com\/fr\/mentions-legales\/","title":{"rendered":"Mentions l\u00e9gales"},"content":{"rendered":"<p>[et_pb_section bb_built=\u00a0\u00bb1&Prime; admin_label=\u00a0\u00bbSection\u00a0\u00bb background_color=\u00a0\u00bb#ffffff\u00a0\u00bb disabled_on=\u00a0\u00bboff|off|off\u00a0\u00bb custom_padding_last_edited=\u00a0\u00bbon|desktop\u00a0\u00bb _builder_version=\u00a0\u00bb3.0.82&Prime; background_image=\u00a0\u00bbhttps:\/\/nawaro-innovations.com\/wp-content\/uploads\/2017\/10\/BG-dunkel.jpg\u00a0\u00bb custom_padding_tablet=\u00a0\u00bb50px|0|50px|0&Prime; transparent_background=\u00a0\u00bboff\u00a0\u00bb][et_pb_row admin_label=\u00a0\u00bbRow\u00a0\u00bb use_custom_width=\u00a0\u00bbon\u00a0\u00bb custom_width_px=\u00a0\u00bb780px\u00a0\u00bb custom_padding=\u00a0\u00bb104px||104px|\u00a0\u00bb padding_mobile=\u00a0\u00bbon\u00a0\u00bb column_padding_mobile=\u00a0\u00bbon\u00a0\u00bb parallax_method_1=\u00a0\u00bboff\u00a0\u00bb _builder_version=\u00a0\u00bb3.0.82&Prime; background_size=\u00a0\u00bbinitial\u00a0\u00bb background_position=\u00a0\u00bbtop_left\u00a0\u00bb background_repeat=\u00a0\u00bbrepeat\u00a0\u00bb][et_pb_column type=\u00a0\u00bb4_4&Prime;][et_pb_text admin_label=\u00a0\u00bbBuilt to perform.\u00a0\u00bb background_layout=\u00a0\u00bbdark\u00a0\u00bb _builder_version=\u00a0\u00bb3.0.82&Prime; text_font=\u00a0\u00bbRoboto Light||||\u00a0\u00bb text_font_size=\u00a0\u00bb56&Prime; text_text_color=\u00a0\u00bb#ffffff\u00a0\u00bb text_line_height=\u00a0\u00bb1.2em\u00a0\u00bb background_size=\u00a0\u00bbinitial\u00a0\u00bb background_position=\u00a0\u00bbtop_left\u00a0\u00bb background_repeat=\u00a0\u00bbrepeat\u00a0\u00bb text_orientation=\u00a0\u00bbcenter\u00a0\u00bb module_alignment=\u00a0\u00bbcenter\u00a0\u00bb custom_css_main_element=\u00a0\u00bbfont-weight: 300;\u00a0\u00bb]<\/p>\n<p>Mentions l\u00e9gales<\/p>\n<p>[\/et_pb_text][\/et_pb_column][\/et_pb_row][\/et_pb_section][et_pb_section bb_built=\u00a0\u00bb1&Prime; admin_label=\u00a0\u00bbSection\u00a0\u00bb module_id=\u00a0\u00bbunternehmen\u00a0\u00bb _builder_version=\u00a0\u00bb3.0.80&Prime;][et_pb_row admin_label=\u00a0\u00bbRow\u00a0\u00bb custom_padding=\u00a0\u00bb0px||40px|\u00a0\u00bb column_padding_mobile=\u00a0\u00bbon\u00a0\u00bb parallax_method_1=\u00a0\u00bboff\u00a0\u00bb parallax_method_2=\u00a0\u00bboff\u00a0\u00bb parallax_method_3=\u00a0\u00bboff\u00a0\u00bb parallax_method_4=\u00a0\u00bboff\u00a0\u00bb _builder_version=\u00a0\u00bb3.0.82&Prime; background_size=\u00a0\u00bbinitial\u00a0\u00bb background_position=\u00a0\u00bbtop_left\u00a0\u00bb background_repeat=\u00a0\u00bbrepeat\u00a0\u00bb][et_pb_column type=\u00a0\u00bb1_2&Prime;][et_pb_text _builder_version=\u00a0\u00bb3.0.83&Prime; text_font=\u00a0\u00bbRoboto Light||||\u00a0\u00bb text_font_size=\u00a0\u00bb24&Prime; text_text_color=\u00a0\u00bb#5b666d\u00a0\u00bb text_line_height=\u00a0\u00bb1.5em\u00a0\u00bb background_size=\u00a0\u00bbinitial\u00a0\u00bb background_position=\u00a0\u00bbtop_left\u00a0\u00bb background_repeat=\u00a0\u00bbrepeat\u00a0\u00bb module_alignment=\u00a0\u00bbcenter\u00a0\u00bb custom_margin=\u00a0\u00bb24px|||\u00a0\u00bb custom_css_main_element=\u00a0\u00bbfont-weight: 300;\u00a0\u00bb]<\/p>\n<p><strong>nawaro &#8211; Baustoffe Innovationen S.A.<\/strong><\/p>\n<p>10, Avenue de la Fa\u00efencerie, L-1510 Luxembourg<\/p>\n<p>Mail: <a href=\"&#x6d;&#97;i&#x6c;&#116;o&#x3a;&#x69;&#110;&#x66;&#x6f;&#64;n&#x61;&#119;a&#x72;&#x6f;&#45;&#x69;&#x6e;&#110;o&#x76;&#97;t&#x69;&#x6f;&#110;&#x73;&#x2e;&#99;o&#x6d;\">&#105;n&#x66;o&#x40;n&#x61;w&#x61;&#114;&#x6f;&#45;&#x69;&#110;&#x6e;&#111;v&#97;t&#x69;o&#x6e;s&#x2e;&#99;&#x6f;&#109;<\/a><br \/>\nInternet: www.nawaro-innovations.com<\/p>\n<p><strong>Directeur g\u00e9n\u00e9ral:<\/strong><br \/>\nAlois Peters<\/p>\n<p><strong>Registre de Commerce:<\/strong><br \/>\nLuxembourg B 12 164 6<\/p>\n<p><strong>L&rsquo;identification \u00e0 la taxe sur la valeur ajout\u00e9e:<\/strong><br \/>\nLU 294 149 04 <\/p>\n<p>&nbsp;<\/p>\n<p>[\/et_pb_text][\/et_pb_column][et_pb_column type=\u00a0\u00bb1_2&Prime;][et_pb_text _builder_version=\u00a0\u00bb3.0.82&Prime; text_font=\u00a0\u00bbRoboto Light||||\u00a0\u00bb text_font_size=\u00a0\u00bb24&Prime; text_text_color=\u00a0\u00bb#5b666d\u00a0\u00bb text_line_height=\u00a0\u00bb1.5em\u00a0\u00bb background_size=\u00a0\u00bbinitial\u00a0\u00bb background_position=\u00a0\u00bbtop_left\u00a0\u00bb background_repeat=\u00a0\u00bbrepeat\u00a0\u00bb module_alignment=\u00a0\u00bbcenter\u00a0\u00bb custom_margin=\u00a0\u00bb24px|||\u00a0\u00bb custom_css_main_element=\u00a0\u00bbfont-weight: 300;\u00a0\u00bb]<\/p>\n<p><strong>Mentions l\u00e9gales \/ Disclaimer <\/strong><\/p>\n<p>Des modifications des produits et des prestations peuvent survenir apr\u00e8s la date de fin de r\u00e9daction de contenus du site. La nawaro &#8211; Baustoffe Innovationen S.A. ne garantit pas l&rsquo;actualit\u00e9, l&rsquo;exactitude, l&rsquo;exhaustivit\u00e9 ou la qualit\u00e9 des informations pr\u00e9sents sur le site.<br \/>\nEn d\u00e9pit de ses efforts, nawaro &#8211; Baustoffe Innovationen S.A. ne pourra en aucun cas \u00eatre tenu responsable pour les contenus qui apparaissent sur les liens externes. Seul l&rsquo;op\u00e9rateur d&rsquo;une page reli\u00e9e est responsable de son contenu.<\/p>\n<p>Le contenu et la structure de ce site Internet sont prot\u00e9g\u00e9s par les droits d&rsquo;auteur. La reproduction d&rsquo;informations et de donn\u00e9es, notamment l&rsquo;utilisation de textes, de parties du texte et de mat\u00e9riels photographiques requiert l&rsquo;accord explicite pr\u00e9alable de l&rsquo;\u00e9diteur.<\/p>\n<p>Toute utilisation de logos d&rsquo;entreprise, noms et embl\u00e8mes n\u00e9cessite l&rsquo;autorisation \u00e9crite. L&rsquo;ensemble des textes, images et graphiques utilis\u00e9s sur ce site Web ainsi que l&rsquo;organisation et la disposition des pages sont soumis \u00e0 une protection des droits d&rsquo;auteur. Toute utilisation, reproduction ou divulgation non autoris\u00e9e de contenus, graphiques, logos ou de pages enti\u00e8res seront poursuivis tant en droit p\u00e9nal qu&rsquo;en droit civil.<\/p>\n<p>[\/et_pb_text][\/et_pb_column][\/et_pb_row][\/et_pb_section]<\/p>\n","protected":false},"excerpt":{"rendered":"<p>[et_pb_section bb_built=\u00a0\u00bb1&Prime; admin_label=\u00a0\u00bbSection\u00a0\u00bb background_color=\u00a0\u00bb#ffffff\u00a0\u00bb disabled_on=\u00a0\u00bboff|off|off\u00a0\u00bb custom_padding_last_edited=\u00a0\u00bbon|desktop\u00a0\u00bb _builder_version=\u00a0\u00bb3.0.82&Prime; background_image=\u00a0\u00bbhttps:\/\/nawaro-innovations.com\/wp-content\/uploads\/2017\/10\/BG-dunkel.jpg\u00a0\u00bb custom_padding_tablet=\u00a0\u00bb50px|0|50px|0&Prime; transparent_background=\u00a0\u00bboff\u00a0\u00bb][et_pb_row admin_label=\u00a0\u00bbRow\u00a0\u00bb use_custom_width=\u00a0\u00bbon\u00a0\u00bb custom_width_px=\u00a0\u00bb780px\u00a0\u00bb custom_padding=\u00a0\u00bb104px||104px|\u00a0\u00bb padding_mobile=\u00a0\u00bbon\u00a0\u00bb column_padding_mobile=\u00a0\u00bbon\u00a0\u00bb parallax_method_1=\u00a0\u00bboff\u00a0\u00bb _builder_version=\u00a0\u00bb3.0.82&Prime; background_size=\u00a0\u00bbinitial\u00a0\u00bb background_position=\u00a0\u00bbtop_left\u00a0\u00bb background_repeat=\u00a0\u00bbrepeat\u00a0\u00bb][et_pb_column type=\u00a0\u00bb4_4&Prime;][et_pb_text admin_label=\u00a0\u00bbBuilt to perform.\u00a0\u00bb background_layout=\u00a0\u00bbdark\u00a0\u00bb _builder_version=\u00a0\u00bb3.0.82&Prime; text_font=\u00a0\u00bbRoboto Light||||\u00a0\u00bb text_font_size=\u00a0\u00bb56&Prime; text_text_color=\u00a0\u00bb#ffffff\u00a0\u00bb text_line_height=\u00a0\u00bb1.2em\u00a0\u00bb background_size=\u00a0\u00bbinitial\u00a0\u00bb background_position=\u00a0\u00bbtop_left\u00a0\u00bb background_repeat=\u00a0\u00bbrepeat\u00a0\u00bb text_orientation=\u00a0\u00bbcenter\u00a0\u00bb module_alignment=\u00a0\u00bbcenter\u00a0\u00bb custom_css_main_element=\u00a0\u00bbfont-weight: 300;\u00a0\u00bb] Mentions l\u00e9gales [\/et_pb_text][\/et_pb_column][\/et_pb_row][\/et_pb_section][et_pb_section bb_built=\u00a0\u00bb1&Prime; admin_label=\u00a0\u00bbSection\u00a0\u00bb module_id=\u00a0\u00bbunternehmen\u00a0\u00bb _builder_version=\u00a0\u00bb3.0.80&Prime;][et_pb_row admin_label=\u00a0\u00bbRow\u00a0\u00bb custom_padding=\u00a0\u00bb0px||40px|\u00a0\u00bb column_padding_mobile=\u00a0\u00bbon\u00a0\u00bb parallax_method_1=\u00a0\u00bboff\u00a0\u00bb parallax_method_2=\u00a0\u00bboff\u00a0\u00bb parallax_method_3=\u00a0\u00bboff\u00a0\u00bb parallax_method_4=\u00a0\u00bboff\u00a0\u00bb _builder_version=\u00a0\u00bb3.0.82&Prime; background_size=\u00a0\u00bbinitial\u00a0\u00bb [&hellip;]<\/p>\n","protected":false},"author":2,"featured_media":0,"parent":0,"menu_order":0,"comment_status":"closed","ping_status":"closed","template":"","meta":{"footnotes":""},"class_list":["post-26406","page","type-page","status-publish","hentry"],"yoast_head":"<!-- This site is optimized with the Yoast SEO plugin v27.3 - https:\/\/yoast.com\/product\/yoast-seo-wordpress\/ -->\n<title>Mentions l\u00e9gales - nawaro \u2013 Baustoffe Innovationen S. A.<\/title>\n<meta name=\"robots\" content=\"index, follow, max-snippet:-1, max-image-preview:large, max-video-preview:-1\" \/>\n<link rel=\"canonical\" href=\"https:\/\/nawaro-innovations.com\/fr\/mentions-legales\/\" \/>\n<meta property=\"og:locale\" content=\"fr_FR\" \/>\n<meta property=\"og:type\" content=\"article\" \/>\n<meta property=\"og:title\" content=\"Mentions l\u00e9gales - nawaro \u2013 Baustoffe Innovationen S. A.\" \/>\n<meta property=\"og:description\" content=\"[et_pb_section bb_built=\u00a0\u00bb1&Prime; admin_label=\u00a0\u00bbSection\u00a0\u00bb background_color=\u00a0\u00bb#ffffff\u00a0\u00bb disabled_on=\u00a0\u00bboff|off|off\u00a0\u00bb custom_padding_last_edited=\u00a0\u00bbon|desktop\u00a0\u00bb _builder_version=\u00a0\u00bb3.0.82&Prime; background_image=\u00a0\u00bbhttps:\/\/nawaro-innovations.com\/wp-content\/uploads\/2017\/10\/BG-dunkel.jpg\u00a0\u00bb custom_padding_tablet=\u00a0\u00bb50px|0|50px|0&Prime; transparent_background=\u00a0\u00bboff\u00a0\u00bb][et_pb_row admin_label=\u00a0\u00bbRow\u00a0\u00bb use_custom_width=\u00a0\u00bbon\u00a0\u00bb custom_width_px=\u00a0\u00bb780px\u00a0\u00bb custom_padding=\u00a0\u00bb104px||104px|\u00a0\u00bb padding_mobile=\u00a0\u00bbon\u00a0\u00bb column_padding_mobile=\u00a0\u00bbon\u00a0\u00bb parallax_method_1=\u00a0\u00bboff\u00a0\u00bb _builder_version=\u00a0\u00bb3.0.82&Prime; background_size=\u00a0\u00bbinitial\u00a0\u00bb background_position=\u00a0\u00bbtop_left\u00a0\u00bb background_repeat=\u00a0\u00bbrepeat\u00a0\u00bb][et_pb_column type=\u00a0\u00bb4_4&Prime;][et_pb_text admin_label=\u00a0\u00bbBuilt to perform.\u00a0\u00bb background_layout=\u00a0\u00bbdark\u00a0\u00bb _builder_version=\u00a0\u00bb3.0.82&Prime; text_font=\u00a0\u00bbRoboto Light||||\u00a0\u00bb text_font_size=\u00a0\u00bb56&Prime; text_text_color=\u00a0\u00bb#ffffff\u00a0\u00bb text_line_height=\u00a0\u00bb1.2em\u00a0\u00bb background_size=\u00a0\u00bbinitial\u00a0\u00bb background_position=\u00a0\u00bbtop_left\u00a0\u00bb background_repeat=\u00a0\u00bbrepeat\u00a0\u00bb text_orientation=\u00a0\u00bbcenter\u00a0\u00bb module_alignment=\u00a0\u00bbcenter\u00a0\u00bb custom_css_main_element=\u00a0\u00bbfont-weight: 300;\u00a0\u00bb] Mentions l\u00e9gales [\/et_pb_text][\/et_pb_column][\/et_pb_row][\/et_pb_section][et_pb_section bb_built=\u00a0\u00bb1&Prime; admin_label=\u00a0\u00bbSection\u00a0\u00bb module_id=\u00a0\u00bbunternehmen\u00a0\u00bb _builder_version=\u00a0\u00bb3.0.80&Prime;][et_pb_row admin_label=\u00a0\u00bbRow\u00a0\u00bb custom_padding=\u00a0\u00bb0px||40px|\u00a0\u00bb column_padding_mobile=\u00a0\u00bbon\u00a0\u00bb parallax_method_1=\u00a0\u00bboff\u00a0\u00bb parallax_method_2=\u00a0\u00bboff\u00a0\u00bb parallax_method_3=\u00a0\u00bboff\u00a0\u00bb parallax_method_4=\u00a0\u00bboff\u00a0\u00bb _builder_version=\u00a0\u00bb3.0.82&Prime; background_size=\u00a0\u00bbinitial\u00a0\u00bb [&hellip;]\" \/>\n<meta property=\"og:url\" content=\"https:\/\/nawaro-innovations.com\/fr\/mentions-legales\/\" \/>\n<meta property=\"og:site_name\" content=\"nawaro \u2013 Baustoffe Innovationen S. A.\" \/>\n<meta property=\"article:modified_time\" content=\"2017-10-26T14:45:15+00:00\" \/>\n<meta name=\"twitter:card\" content=\"summary_large_image\" \/>\n<meta name=\"twitter:label1\" content=\"Dur\u00e9e de lecture estim\u00e9e\" \/>\n\t<meta name=\"twitter:data1\" content=\"3 minutes\" \/>\n<script type=\"application\/ld+json\" class=\"yoast-schema-graph\">{\"@context\":\"https:\\\/\\\/schema.org\",\"@graph\":[{\"@type\":\"WebPage\",\"@id\":\"https:\\\/\\\/nawaro-innovations.com\\\/fr\\\/mentions-legales\\\/\",\"url\":\"https:\\\/\\\/nawaro-innovations.com\\\/fr\\\/mentions-legales\\\/\",\"name\":\"Mentions l\u00e9gales - nawaro \u2013 Baustoffe Innovationen S. A.\",\"isPartOf\":{\"@id\":\"https:\\\/\\\/nawaro-innovations.com\\\/de\\\/#website\"},\"datePublished\":\"2017-10-26T14:44:39+00:00\",\"dateModified\":\"2017-10-26T14:45:15+00:00\",\"breadcrumb\":{\"@id\":\"https:\\\/\\\/nawaro-innovations.com\\\/fr\\\/mentions-legales\\\/#breadcrumb\"},\"inLanguage\":\"fr-FR\",\"potentialAction\":[{\"@type\":\"ReadAction\",\"target\":[\"https:\\\/\\\/nawaro-innovations.com\\\/fr\\\/mentions-legales\\\/\"]}]},{\"@type\":\"BreadcrumbList\",\"@id\":\"https:\\\/\\\/nawaro-innovations.com\\\/fr\\\/mentions-legales\\\/#breadcrumb\",\"itemListElement\":[{\"@type\":\"ListItem\",\"position\":1,\"name\":\"Startseite\",\"item\":\"https:\\\/\\\/nawaro-innovations.com\\\/fr\\\/\"},{\"@type\":\"ListItem\",\"position\":2,\"name\":\"Mentions l\u00e9gales\"}]},{\"@type\":\"WebSite\",\"@id\":\"https:\\\/\\\/nawaro-innovations.com\\\/de\\\/#website\",\"url\":\"https:\\\/\\\/nawaro-innovations.com\\\/de\\\/\",\"name\":\"nawaro \u2013 Baustoffe Innovationen S. A.\",\"description\":\"\",\"potentialAction\":[{\"@type\":\"SearchAction\",\"target\":{\"@type\":\"EntryPoint\",\"urlTemplate\":\"https:\\\/\\\/nawaro-innovations.com\\\/de\\\/?s={search_term_string}\"},\"query-input\":{\"@type\":\"PropertyValueSpecification\",\"valueRequired\":true,\"valueName\":\"search_term_string\"}}],\"inLanguage\":\"fr-FR\"}]}<\/script>\n<!-- \/ Yoast SEO plugin. -->","yoast_head_json":{"title":"Mentions l\u00e9gales - nawaro \u2013 Baustoffe Innovationen S. A.","robots":{"index":"index","follow":"follow","max-snippet":"max-snippet:-1","max-image-preview":"max-image-preview:large","max-video-preview":"max-video-preview:-1"},"canonical":"https:\/\/nawaro-innovations.com\/fr\/mentions-legales\/","og_locale":"fr_FR","og_type":"article","og_title":"Mentions l\u00e9gales - nawaro \u2013 Baustoffe Innovationen S. A.","og_description":"[et_pb_section bb_built=\u00a0\u00bb1&Prime; admin_label=\u00a0\u00bbSection\u00a0\u00bb background_color=\u00a0\u00bb#ffffff\u00a0\u00bb disabled_on=\u00a0\u00bboff|off|off\u00a0\u00bb custom_padding_last_edited=\u00a0\u00bbon|desktop\u00a0\u00bb _builder_version=\u00a0\u00bb3.0.82&Prime; background_image=\u00a0\u00bbhttps:\/\/nawaro-innovations.com\/wp-content\/uploads\/2017\/10\/BG-dunkel.jpg\u00a0\u00bb custom_padding_tablet=\u00a0\u00bb50px|0|50px|0&Prime; transparent_background=\u00a0\u00bboff\u00a0\u00bb][et_pb_row admin_label=\u00a0\u00bbRow\u00a0\u00bb use_custom_width=\u00a0\u00bbon\u00a0\u00bb custom_width_px=\u00a0\u00bb780px\u00a0\u00bb custom_padding=\u00a0\u00bb104px||104px|\u00a0\u00bb padding_mobile=\u00a0\u00bbon\u00a0\u00bb column_padding_mobile=\u00a0\u00bbon\u00a0\u00bb parallax_method_1=\u00a0\u00bboff\u00a0\u00bb _builder_version=\u00a0\u00bb3.0.82&Prime; background_size=\u00a0\u00bbinitial\u00a0\u00bb background_position=\u00a0\u00bbtop_left\u00a0\u00bb background_repeat=\u00a0\u00bbrepeat\u00a0\u00bb][et_pb_column type=\u00a0\u00bb4_4&Prime;][et_pb_text admin_label=\u00a0\u00bbBuilt to perform.\u00a0\u00bb background_layout=\u00a0\u00bbdark\u00a0\u00bb _builder_version=\u00a0\u00bb3.0.82&Prime; text_font=\u00a0\u00bbRoboto Light||||\u00a0\u00bb text_font_size=\u00a0\u00bb56&Prime; text_text_color=\u00a0\u00bb#ffffff\u00a0\u00bb text_line_height=\u00a0\u00bb1.2em\u00a0\u00bb background_size=\u00a0\u00bbinitial\u00a0\u00bb background_position=\u00a0\u00bbtop_left\u00a0\u00bb background_repeat=\u00a0\u00bbrepeat\u00a0\u00bb text_orientation=\u00a0\u00bbcenter\u00a0\u00bb module_alignment=\u00a0\u00bbcenter\u00a0\u00bb custom_css_main_element=\u00a0\u00bbfont-weight: 300;\u00a0\u00bb] Mentions l\u00e9gales [\/et_pb_text][\/et_pb_column][\/et_pb_row][\/et_pb_section][et_pb_section bb_built=\u00a0\u00bb1&Prime; admin_label=\u00a0\u00bbSection\u00a0\u00bb module_id=\u00a0\u00bbunternehmen\u00a0\u00bb _builder_version=\u00a0\u00bb3.0.80&Prime;][et_pb_row admin_label=\u00a0\u00bbRow\u00a0\u00bb custom_padding=\u00a0\u00bb0px||40px|\u00a0\u00bb column_padding_mobile=\u00a0\u00bbon\u00a0\u00bb parallax_method_1=\u00a0\u00bboff\u00a0\u00bb parallax_method_2=\u00a0\u00bboff\u00a0\u00bb parallax_method_3=\u00a0\u00bboff\u00a0\u00bb parallax_method_4=\u00a0\u00bboff\u00a0\u00bb _builder_version=\u00a0\u00bb3.0.82&Prime; background_size=\u00a0\u00bbinitial\u00a0\u00bb [&hellip;]","og_url":"https:\/\/nawaro-innovations.com\/fr\/mentions-legales\/","og_site_name":"nawaro \u2013 Baustoffe Innovationen S. A.","article_modified_time":"2017-10-26T14:45:15+00:00","twitter_card":"summary_large_image","twitter_misc":{"Dur\u00e9e de lecture estim\u00e9e":"3 minutes"},"schema":{"@context":"https:\/\/schema.org","@graph":[{"@type":"WebPage","@id":"https:\/\/nawaro-innovations.com\/fr\/mentions-legales\/","url":"https:\/\/nawaro-innovations.com\/fr\/mentions-legales\/","name":"Mentions l\u00e9gales - nawaro \u2013 Baustoffe Innovationen S. A.","isPartOf":{"@id":"https:\/\/nawaro-innovations.com\/de\/#website"},"datePublished":"2017-10-26T14:44:39+00:00","dateModified":"2017-10-26T14:45:15+00:00","breadcrumb":{"@id":"https:\/\/nawaro-innovations.com\/fr\/mentions-legales\/#breadcrumb"},"inLanguage":"fr-FR","potentialAction":[{"@type":"ReadAction","target":["https:\/\/nawaro-innovations.com\/fr\/mentions-legales\/"]}]},{"@type":"BreadcrumbList","@id":"https:\/\/nawaro-innovations.com\/fr\/mentions-legales\/#breadcrumb","itemListElement":[{"@type":"ListItem","position":1,"name":"Startseite","item":"https:\/\/nawaro-innovations.com\/fr\/"},{"@type":"ListItem","position":2,"name":"Mentions l\u00e9gales"}]},{"@type":"WebSite","@id":"https:\/\/nawaro-innovations.com\/de\/#website","url":"https:\/\/nawaro-innovations.com\/de\/","name":"nawaro \u2013 Baustoffe Innovationen S. A.","description":"","potentialAction":[{"@type":"SearchAction","target":{"@type":"EntryPoint","urlTemplate":"https:\/\/nawaro-innovations.com\/de\/?s={search_term_string}"},"query-input":{"@type":"PropertyValueSpecification","valueRequired":true,"valueName":"search_term_string"}}],"inLanguage":"fr-FR"}]}},"_links":{"self":[{"href":"https:\/\/nawaro-innovations.com\/fr\/wp-json\/wp\/v2\/pages\/26406\/"}],"collection":[{"href":"https:\/\/nawaro-innovations.com\/fr\/wp-json\/wp\/v2\/pages\/"}],"about":[{"href":"https:\/\/nawaro-innovations.com\/fr\/wp-json\/wp\/v2\/types\/page\/"}],"author":[{"embeddable":true,"href":"https:\/\/nawaro-innovations.com\/fr\/wp-json\/wp\/v2\/users\/2\/"}],"replies":[{"embeddable":true,"href":"https:\/\/nawaro-innovations.com\/fr\/wp-json\/wp\/v2\/comments\/?post=26406"}],"version-history":[{"count":0,"href":"https:\/\/nawaro-innovations.com\/fr\/wp-json\/wp\/v2\/pages\/26406\/revisions\/"}],"wp:attachment":[{"href":"https:\/\/nawaro-innovations.com\/fr\/wp-json\/wp\/v2\/media\/?parent=26406"}],"curies":[{"name":"wp","href":"https:\/\/api.w.org\/{rel}","templated":true}]}}