{"id":26221,"date":"2017-10-17T17:31:55","date_gmt":"2017-10-17T15:31:55","guid":{"rendered":"https:\/\/nawaro-innovations.com\/?page_id=26221"},"modified":"2018-06-13T15:39:59","modified_gmt":"2018-06-13T13:39:59","slug":"impressum","status":"publish","type":"page","link":"https:\/\/nawaro-innovations.com\/de\/impressum\/","title":{"rendered":"Impressum"},"content":{"rendered":"<p>[et_pb_section bb_built=&#8220;1&#8243; admin_label=&#8220;Section&#8220; background_color=&#8220;#ffffff&#8220; disabled_on=&#8220;off|off|off&#8220; custom_padding_last_edited=&#8220;on|desktop&#8220; _builder_version=&#8220;3.0.82&#8243; background_image=&#8220;https:\/\/nawaro-innovations.com\/wp-content\/uploads\/2017\/10\/BG-dunkel.jpg&#8220; custom_padding_tablet=&#8220;50px|0|50px|0&#8243; transparent_background=&#8220;off&#8220; next_background_color=&#8220;#000000&#8243;][et_pb_row admin_label=&#8220;Row&#8220; use_custom_width=&#8220;on&#8220; custom_width_px=&#8220;780px&#8220; custom_padding=&#8220;104px||104px|&#8220; padding_mobile=&#8220;on&#8220; column_padding_mobile=&#8220;on&#8220; parallax_method_1=&#8220;off&#8220; _builder_version=&#8220;3.0.82&#8243; background_size=&#8220;initial&#8220; background_position=&#8220;top_left&#8220; background_repeat=&#8220;repeat&#8220;][et_pb_column type=&#8220;4_4&#8243;][et_pb_text admin_label=&#8220;Built to perform.&#8220; background_layout=&#8220;dark&#8220; _builder_version=&#8220;3.0.82&#8243; text_font=&#8220;Roboto Light||||&#8220; text_font_size=&#8220;56&#8243; text_text_color=&#8220;#ffffff&#8220; text_line_height=&#8220;1.2em&#8220; background_size=&#8220;initial&#8220; background_position=&#8220;top_left&#8220; background_repeat=&#8220;repeat&#8220; text_orientation=&#8220;center&#8220; module_alignment=&#8220;center&#8220; custom_css_main_element=&#8220;font-weight: 300;&#8220;]<\/p>\n<p>Impressum<\/p>\n<p>[\/et_pb_text][\/et_pb_column][\/et_pb_row][\/et_pb_section][et_pb_section bb_built=&#8220;1&#8243; admin_label=&#8220;Section&#8220; module_id=&#8220;unternehmen&#8220; _builder_version=&#8220;3.0.80&#8243; prev_background_color=&#8220;#000000&#8243;][et_pb_row admin_label=&#8220;Row&#8220; custom_padding=&#8220;0px||40px|&#8220; column_padding_mobile=&#8220;on&#8220; parallax_method_1=&#8220;off&#8220; parallax_method_2=&#8220;off&#8220; parallax_method_3=&#8220;off&#8220; parallax_method_4=&#8220;off&#8220; _builder_version=&#8220;3.0.82&#8243; background_size=&#8220;initial&#8220; background_position=&#8220;top_left&#8220; background_repeat=&#8220;repeat&#8220;][et_pb_column type=&#8220;1_2&#8243;][et_pb_text _builder_version=&#8220;3.0.106&#8243; text_font=&#8220;Roboto Light||||&#8220; text_font_size=&#8220;24&#8243; text_text_color=&#8220;#5b666d&#8220; text_line_height=&#8220;1.5em&#8220; background_size=&#8220;initial&#8220; background_position=&#8220;top_left&#8220; background_repeat=&#8220;repeat&#8220; module_alignment=&#8220;center&#8220; custom_margin=&#8220;24px|||&#8220; custom_css_main_element=&#8220;font-weight: 300;&#8220; background_layout=&#8220;light&#8220;]<\/p>\n<p><strong>nawaro &#8211; Baustoffe Innovationen S.A.<br \/>\n<\/strong>10, Avenue de la Fa\u00efencerie<br \/>\nL-1510 Luxembourg<\/p>\n<p>Tel.: +352 2672 0858<br \/>\nMail: <a href=\"m&#97;&#105;&#108;&#x74;&#x6f;&#x3a;in&#102;&#111;&#x40;&#x6e;&#x61;&#x77;ar&#111;&#45;&#x69;&#x6e;&#x6e;&#x6f;v&#97;&#116;&#105;&#x6f;&#x6e;&#x73;&#46;c&#111;&#109;\">in&#102;&#111;&#64;&#x6e;&#x61;&#x77;&#x61;&#x72;o-&#105;&#110;&#110;&#x6f;&#x76;&#x61;&#x74;&#x69;on&#115;&#46;&#99;&#x6f;&#x6d;<\/a><br \/>\nInternet: www.nawaro-innovations.com<\/p>\n<p><strong>Gesch\u00e4ftsf\u00fchrer und inhaltlich<br \/>\nnach \u00a7 55 Abs. 2 RStV verantwortlich:<\/strong><br \/>\nAlois Peters<\/p>\n<p><strong>Handelsregister:<\/strong><br \/>\nLuxembourg B 12 164 6<\/p>\n<p><strong>Wirtschaftsidentifikationsnummer:<\/strong><br \/>\nLU 294 149 04<\/p>\n<p>&nbsp;<\/p>\n<p>&nbsp;<\/p>\n<p>[\/et_pb_text][\/et_pb_column][et_pb_column type=&#8220;1_2&#8243;][et_pb_text _builder_version=&#8220;3.0.106&#8243; text_font=&#8220;Roboto Light||||&#8220; text_font_size=&#8220;24&#8243; text_text_color=&#8220;#5b666d&#8220; text_line_height=&#8220;1.5em&#8220; background_size=&#8220;initial&#8220; background_position=&#8220;top_left&#8220; background_repeat=&#8220;repeat&#8220; module_alignment=&#8220;center&#8220; custom_margin=&#8220;24px|||&#8220; custom_css_main_element=&#8220;font-weight: 300;&#8220; background_layout=&#8220;light&#8220;]<\/p>\n<p><strong>Rechtshinweis &#8211; Disclaimer<\/strong><\/p>\n<p><strong>Informationen \u00fcber Produkte und Leistungen<\/strong><br \/>\nNach Redaktionsschluss einzelner Seiten k\u00f6nnen sich \u00c4nderungen bei Produkten und Leistungen ergeben haben. nawaro-Baustoffe Innovationen S.A. \u00fcbernimmt keinerlei Gew\u00e4hr f\u00fcr die Aktualit\u00e4t, Korrektheit, Vollst\u00e4ndigkeit oder Qualit\u00e4t der bereitgestellten Informationen.<\/p>\n<p><strong>Streitschlichtung<\/strong><br \/>\nDie Europ\u00e4ische Kommission stellt eine Plattform zur Online-Streitbeilegung (OS) bereit: https:\/\/ec.europa.eu\/consumers\/odr. Unsere E-Mail-Adresse finden Sie oben im Impressum. Wir sind nicht bereit oder verpflichtet, an Streitbeilegungsverfahren vor einer Verbraucherschlichtungsstelle teilzunehmen.<\/p>\n<p><strong>Haftung f\u00fcr Inhalte<\/strong><br \/>\nAls Diensteanbieter sind wir gem\u00e4\u00df \u00a7 7 Abs.1 TMG f\u00fcr eigene Inhalte auf diesen Seiten nach den allgemeinen Gesetzen verantwortlich. Nach \u00a7\u00a7 8 bis 10 TMG sind wir als Diensteanbieter jedoch nicht verpflichtet, \u00fcbermittelte oder gespeicherte fremde Informationen zu \u00fcberwachen oder nach Umst\u00e4nden zu forschen, die auf eine rechtswidrige T\u00e4tigkeit hinweisen.\u00a0 Verpflichtungen zur Entfernung oder Sperrung der Nutzung von Informationen nach den allgemeinen Gesetzen bleiben hiervon unber\u00fchrt. Eine diesbez\u00fcgliche Haftung ist jedoch erst ab dem Zeitpunkt der Kenntnis einer konkreten Rechtsverletzung m\u00f6glich. Bei Bekanntwerden von entsprechenden Rechtsverletzungen werden wir diese Inhalte umgehend entfernen.<\/p>\n<p><strong>Haftung f\u00fcr Links<\/strong><br \/>\nUnser Angebot enth\u00e4lt Links zu externen Websites Dritter, auf deren Inhalte wir keinen Einfluss haben. Deshalb k\u00f6nnen wir f\u00fcr diese fremden Inhalte auch keine Gew\u00e4hr \u00fcbernehmen. F\u00fcr die Inhalte der verlinkten Seiten ist stets der jeweilige Anbieter oder Betreiber der Seiten verantwortlich. Die verlinkten Seiten wurden zum Zeitpunkt der Verlinkung auf m\u00f6gliche Rechtsverst\u00f6\u00dfe \u00fcberpr\u00fcft. Rechtswidrige Inhalte waren zum Zeitpunkt der Verlinkung nicht erkennbar. Eine permanente inhaltliche Kontrolle der verlinkten Seiten ist jedoch ohne konkrete Anhaltspunkte einer Rechtsverletzung nicht zumutbar. Bei Bekanntwerden von Rechtsverletzungen werden wir derartige Links umgehend entfernen.<\/p>\n<p><strong>Urheberrecht<\/strong><br \/>\nDie erstellten Inhalte, Werke, Firmenlogos, Namen, Embleme etc. auf diesen Seiten unterliegen dem Urheberrecht. Die Vervielf\u00e4ltigung, Bearbeitung, Verbreitung und jede Art der Verwertung au\u00dferhalb der Grenzen des Urheberrechtes bed\u00fcrfen der schriftlichen Zustimmung des Erstellers. Downloads und Kopien dieser Seite sind nur f\u00fcr den privaten, nicht kommerziellen Gebrauch gestattet. Soweit die Inhalte auf dieser Seite nicht vom Betreiber erstellt wurden, werden die Urheberrechte Dritter beachtet. Insbesondere werden Inhalte Dritter als solche gekennzeichnet. Sollten Sie trotzdem auf eine Urheberrechtsverletzung aufmerksam werden, bitten wir um einen entsprechenden Hinweis. Bei Bekanntwerden von Rechtsverletzungen werden wir derartige Inhalte umgehend entfernen.<\/p>\n<p>[\/et_pb_text][\/et_pb_column][\/et_pb_row][\/et_pb_section]<\/p>\n","protected":false},"excerpt":{"rendered":"<p>[et_pb_section bb_built=&#8220;1&#8243; admin_label=&#8220;Section&#8220; background_color=&#8220;#ffffff&#8220; disabled_on=&#8220;off|off|off&#8220; custom_padding_last_edited=&#8220;on|desktop&#8220; _builder_version=&#8220;3.0.82&#8243; background_image=&#8220;https:\/\/nawaro-innovations.com\/wp-content\/uploads\/2017\/10\/BG-dunkel.jpg&#8220; custom_padding_tablet=&#8220;50px|0|50px|0&#8243; transparent_background=&#8220;off&#8220; next_background_color=&#8220;#000000&#8243;][et_pb_row admin_label=&#8220;Row&#8220; use_custom_width=&#8220;on&#8220; custom_width_px=&#8220;780px&#8220; custom_padding=&#8220;104px||104px|&#8220; padding_mobile=&#8220;on&#8220; column_padding_mobile=&#8220;on&#8220; parallax_method_1=&#8220;off&#8220; _builder_version=&#8220;3.0.82&#8243; background_size=&#8220;initial&#8220; background_position=&#8220;top_left&#8220; background_repeat=&#8220;repeat&#8220;][et_pb_column type=&#8220;4_4&#8243;][et_pb_text admin_label=&#8220;Built to perform.&#8220; background_layout=&#8220;dark&#8220; _builder_version=&#8220;3.0.82&#8243; text_font=&#8220;Roboto Light||||&#8220; text_font_size=&#8220;56&#8243; text_text_color=&#8220;#ffffff&#8220; text_line_height=&#8220;1.2em&#8220; background_size=&#8220;initial&#8220; background_position=&#8220;top_left&#8220; background_repeat=&#8220;repeat&#8220; text_orientation=&#8220;center&#8220; module_alignment=&#8220;center&#8220; custom_css_main_element=&#8220;font-weight: 300;&#8220;] Impressum [\/et_pb_text][\/et_pb_column][\/et_pb_row][\/et_pb_section][et_pb_section bb_built=&#8220;1&#8243; admin_label=&#8220;Section&#8220; module_id=&#8220;unternehmen&#8220; _builder_version=&#8220;3.0.80&#8243; prev_background_color=&#8220;#000000&#8243;][et_pb_row admin_label=&#8220;Row&#8220; custom_padding=&#8220;0px||40px|&#8220; column_padding_mobile=&#8220;on&#8220; parallax_method_1=&#8220;off&#8220; parallax_method_2=&#8220;off&#8220; parallax_method_3=&#8220;off&#8220; parallax_method_4=&#8220;off&#8220; _builder_version=&#8220;3.0.82&#8243; [&hellip;]<\/p>\n","protected":false},"author":2,"featured_media":0,"parent":0,"menu_order":0,"comment_status":"closed","ping_status":"closed","template":"","meta":{"footnotes":""},"class_list":["post-26221","page","type-page","status-publish","hentry"],"yoast_head":"<!-- This site is optimized with the Yoast SEO plugin v27.3 - https:\/\/yoast.com\/product\/yoast-seo-wordpress\/ -->\n<title>Impressum - nawaro \u2013 Baustoffe Innovationen S. A.<\/title>\n<meta name=\"robots\" content=\"index, follow, max-snippet:-1, max-image-preview:large, max-video-preview:-1\" \/>\n<link rel=\"canonical\" href=\"https:\/\/nawaro-innovations.com\/de\/impressum\/\" \/>\n<meta property=\"og:locale\" content=\"de_DE\" \/>\n<meta property=\"og:type\" content=\"article\" \/>\n<meta property=\"og:title\" content=\"Impressum - nawaro \u2013 Baustoffe Innovationen S. A.\" \/>\n<meta property=\"og:description\" content=\"[et_pb_section bb_built=&#8220;1&#8243; admin_label=&#8220;Section&#8220; background_color=&#8220;#ffffff&#8220; disabled_on=&#8220;off|off|off&#8220; custom_padding_last_edited=&#8220;on|desktop&#8220; _builder_version=&#8220;3.0.82&#8243; background_image=&#8220;https:\/\/nawaro-innovations.com\/wp-content\/uploads\/2017\/10\/BG-dunkel.jpg&#8220; custom_padding_tablet=&#8220;50px|0|50px|0&#8243; transparent_background=&#8220;off&#8220; next_background_color=&#8220;#000000&#8243;][et_pb_row admin_label=&#8220;Row&#8220; use_custom_width=&#8220;on&#8220; custom_width_px=&#8220;780px&#8220; custom_padding=&#8220;104px||104px|&#8220; padding_mobile=&#8220;on&#8220; column_padding_mobile=&#8220;on&#8220; parallax_method_1=&#8220;off&#8220; _builder_version=&#8220;3.0.82&#8243; background_size=&#8220;initial&#8220; background_position=&#8220;top_left&#8220; background_repeat=&#8220;repeat&#8220;][et_pb_column type=&#8220;4_4&#8243;][et_pb_text admin_label=&#8220;Built to perform.&#8220; background_layout=&#8220;dark&#8220; _builder_version=&#8220;3.0.82&#8243; text_font=&#8220;Roboto Light||||&#8220; text_font_size=&#8220;56&#8243; text_text_color=&#8220;#ffffff&#8220; text_line_height=&#8220;1.2em&#8220; background_size=&#8220;initial&#8220; background_position=&#8220;top_left&#8220; background_repeat=&#8220;repeat&#8220; text_orientation=&#8220;center&#8220; module_alignment=&#8220;center&#8220; custom_css_main_element=&#8220;font-weight: 300;&#8220;] Impressum [\/et_pb_text][\/et_pb_column][\/et_pb_row][\/et_pb_section][et_pb_section bb_built=&#8220;1&#8243; admin_label=&#8220;Section&#8220; module_id=&#8220;unternehmen&#8220; _builder_version=&#8220;3.0.80&#8243; prev_background_color=&#8220;#000000&#8243;][et_pb_row admin_label=&#8220;Row&#8220; custom_padding=&#8220;0px||40px|&#8220; column_padding_mobile=&#8220;on&#8220; parallax_method_1=&#8220;off&#8220; parallax_method_2=&#8220;off&#8220; parallax_method_3=&#8220;off&#8220; parallax_method_4=&#8220;off&#8220; _builder_version=&#8220;3.0.82&#8243; [&hellip;]\" \/>\n<meta property=\"og:url\" content=\"https:\/\/nawaro-innovations.com\/de\/impressum\/\" \/>\n<meta property=\"og:site_name\" content=\"nawaro \u2013 Baustoffe Innovationen S. A.\" \/>\n<meta property=\"article:modified_time\" content=\"2018-06-13T13:39:59+00:00\" \/>\n<meta name=\"twitter:card\" content=\"summary_large_image\" \/>\n<meta name=\"twitter:label1\" content=\"Gesch\u00e4tzte Lesezeit\" \/>\n\t<meta name=\"twitter:data1\" content=\"4\u00a0Minuten\" \/>\n<script type=\"application\/ld+json\" class=\"yoast-schema-graph\">{\"@context\":\"https:\\\/\\\/schema.org\",\"@graph\":[{\"@type\":\"WebPage\",\"@id\":\"https:\\\/\\\/nawaro-innovations.com\\\/de\\\/impressum\\\/\",\"url\":\"https:\\\/\\\/nawaro-innovations.com\\\/de\\\/impressum\\\/\",\"name\":\"Impressum - nawaro \u2013 Baustoffe Innovationen S. A.\",\"isPartOf\":{\"@id\":\"https:\\\/\\\/nawaro-innovations.com\\\/de\\\/#website\"},\"datePublished\":\"2017-10-17T15:31:55+00:00\",\"dateModified\":\"2018-06-13T13:39:59+00:00\",\"breadcrumb\":{\"@id\":\"https:\\\/\\\/nawaro-innovations.com\\\/de\\\/impressum\\\/#breadcrumb\"},\"inLanguage\":\"de\",\"potentialAction\":[{\"@type\":\"ReadAction\",\"target\":[\"https:\\\/\\\/nawaro-innovations.com\\\/de\\\/impressum\\\/\"]}]},{\"@type\":\"BreadcrumbList\",\"@id\":\"https:\\\/\\\/nawaro-innovations.com\\\/de\\\/impressum\\\/#breadcrumb\",\"itemListElement\":[{\"@type\":\"ListItem\",\"position\":1,\"name\":\"Startseite\",\"item\":\"https:\\\/\\\/nawaro-innovations.com\\\/de\\\/\"},{\"@type\":\"ListItem\",\"position\":2,\"name\":\"Impressum\"}]},{\"@type\":\"WebSite\",\"@id\":\"https:\\\/\\\/nawaro-innovations.com\\\/de\\\/#website\",\"url\":\"https:\\\/\\\/nawaro-innovations.com\\\/de\\\/\",\"name\":\"nawaro \u2013 Baustoffe Innovationen S. A.\",\"description\":\"\",\"potentialAction\":[{\"@type\":\"SearchAction\",\"target\":{\"@type\":\"EntryPoint\",\"urlTemplate\":\"https:\\\/\\\/nawaro-innovations.com\\\/de\\\/?s={search_term_string}\"},\"query-input\":{\"@type\":\"PropertyValueSpecification\",\"valueRequired\":true,\"valueName\":\"search_term_string\"}}],\"inLanguage\":\"de\"}]}<\/script>\n<!-- \/ Yoast SEO plugin. -->","yoast_head_json":{"title":"Impressum - nawaro \u2013 Baustoffe Innovationen S. A.","robots":{"index":"index","follow":"follow","max-snippet":"max-snippet:-1","max-image-preview":"max-image-preview:large","max-video-preview":"max-video-preview:-1"},"canonical":"https:\/\/nawaro-innovations.com\/de\/impressum\/","og_locale":"de_DE","og_type":"article","og_title":"Impressum - nawaro \u2013 Baustoffe Innovationen S. A.","og_description":"[et_pb_section bb_built=&#8220;1&#8243; admin_label=&#8220;Section&#8220; background_color=&#8220;#ffffff&#8220; disabled_on=&#8220;off|off|off&#8220; custom_padding_last_edited=&#8220;on|desktop&#8220; _builder_version=&#8220;3.0.82&#8243; background_image=&#8220;https:\/\/nawaro-innovations.com\/wp-content\/uploads\/2017\/10\/BG-dunkel.jpg&#8220; custom_padding_tablet=&#8220;50px|0|50px|0&#8243; transparent_background=&#8220;off&#8220; next_background_color=&#8220;#000000&#8243;][et_pb_row admin_label=&#8220;Row&#8220; use_custom_width=&#8220;on&#8220; custom_width_px=&#8220;780px&#8220; custom_padding=&#8220;104px||104px|&#8220; padding_mobile=&#8220;on&#8220; column_padding_mobile=&#8220;on&#8220; parallax_method_1=&#8220;off&#8220; _builder_version=&#8220;3.0.82&#8243; background_size=&#8220;initial&#8220; background_position=&#8220;top_left&#8220; background_repeat=&#8220;repeat&#8220;][et_pb_column type=&#8220;4_4&#8243;][et_pb_text admin_label=&#8220;Built to perform.&#8220; background_layout=&#8220;dark&#8220; _builder_version=&#8220;3.0.82&#8243; text_font=&#8220;Roboto Light||||&#8220; text_font_size=&#8220;56&#8243; text_text_color=&#8220;#ffffff&#8220; text_line_height=&#8220;1.2em&#8220; background_size=&#8220;initial&#8220; background_position=&#8220;top_left&#8220; background_repeat=&#8220;repeat&#8220; text_orientation=&#8220;center&#8220; module_alignment=&#8220;center&#8220; custom_css_main_element=&#8220;font-weight: 300;&#8220;] Impressum [\/et_pb_text][\/et_pb_column][\/et_pb_row][\/et_pb_section][et_pb_section bb_built=&#8220;1&#8243; admin_label=&#8220;Section&#8220; module_id=&#8220;unternehmen&#8220; _builder_version=&#8220;3.0.80&#8243; prev_background_color=&#8220;#000000&#8243;][et_pb_row admin_label=&#8220;Row&#8220; custom_padding=&#8220;0px||40px|&#8220; column_padding_mobile=&#8220;on&#8220; parallax_method_1=&#8220;off&#8220; parallax_method_2=&#8220;off&#8220; parallax_method_3=&#8220;off&#8220; parallax_method_4=&#8220;off&#8220; _builder_version=&#8220;3.0.82&#8243; [&hellip;]","og_url":"https:\/\/nawaro-innovations.com\/de\/impressum\/","og_site_name":"nawaro \u2013 Baustoffe Innovationen S. A.","article_modified_time":"2018-06-13T13:39:59+00:00","twitter_card":"summary_large_image","twitter_misc":{"Gesch\u00e4tzte Lesezeit":"4\u00a0Minuten"},"schema":{"@context":"https:\/\/schema.org","@graph":[{"@type":"WebPage","@id":"https:\/\/nawaro-innovations.com\/de\/impressum\/","url":"https:\/\/nawaro-innovations.com\/de\/impressum\/","name":"Impressum - nawaro \u2013 Baustoffe Innovationen S. A.","isPartOf":{"@id":"https:\/\/nawaro-innovations.com\/de\/#website"},"datePublished":"2017-10-17T15:31:55+00:00","dateModified":"2018-06-13T13:39:59+00:00","breadcrumb":{"@id":"https:\/\/nawaro-innovations.com\/de\/impressum\/#breadcrumb"},"inLanguage":"de","potentialAction":[{"@type":"ReadAction","target":["https:\/\/nawaro-innovations.com\/de\/impressum\/"]}]},{"@type":"BreadcrumbList","@id":"https:\/\/nawaro-innovations.com\/de\/impressum\/#breadcrumb","itemListElement":[{"@type":"ListItem","position":1,"name":"Startseite","item":"https:\/\/nawaro-innovations.com\/de\/"},{"@type":"ListItem","position":2,"name":"Impressum"}]},{"@type":"WebSite","@id":"https:\/\/nawaro-innovations.com\/de\/#website","url":"https:\/\/nawaro-innovations.com\/de\/","name":"nawaro \u2013 Baustoffe Innovationen S. A.","description":"","potentialAction":[{"@type":"SearchAction","target":{"@type":"EntryPoint","urlTemplate":"https:\/\/nawaro-innovations.com\/de\/?s={search_term_string}"},"query-input":{"@type":"PropertyValueSpecification","valueRequired":true,"valueName":"search_term_string"}}],"inLanguage":"de"}]}},"_links":{"self":[{"href":"https:\/\/nawaro-innovations.com\/de\/wp-json\/wp\/v2\/pages\/26221\/"}],"collection":[{"href":"https:\/\/nawaro-innovations.com\/de\/wp-json\/wp\/v2\/pages\/"}],"about":[{"href":"https:\/\/nawaro-innovations.com\/de\/wp-json\/wp\/v2\/types\/page\/"}],"author":[{"embeddable":true,"href":"https:\/\/nawaro-innovations.com\/de\/wp-json\/wp\/v2\/users\/2\/"}],"replies":[{"embeddable":true,"href":"https:\/\/nawaro-innovations.com\/de\/wp-json\/wp\/v2\/comments\/?post=26221"}],"version-history":[{"count":5,"href":"https:\/\/nawaro-innovations.com\/de\/wp-json\/wp\/v2\/pages\/26221\/revisions\/"}],"predecessor-version":[{"id":26425,"href":"https:\/\/nawaro-innovations.com\/de\/wp-json\/wp\/v2\/pages\/26221\/revisions\/26425\/"}],"wp:attachment":[{"href":"https:\/\/nawaro-innovations.com\/de\/wp-json\/wp\/v2\/media\/?parent=26221"}],"curies":[{"name":"wp","href":"https:\/\/api.w.org\/{rel}","templated":true}]}}